{"id":5118,"date":"2023-07-12T15:19:08","date_gmt":"2023-07-12T18:19:08","guid":{"rendered":"https:\/\/ultrarolamentos.com.br\/?post_type=product&#038;p=5118"},"modified":"2023-09-22T11:59:31","modified_gmt":"2023-09-22T14:59:31","slug":"tj602-662-hgf","status":"publish","type":"product","link":"https:\/\/ultrarolamentos.com.br\/index.php\/produto\/tj602-662-hgf\/","title":{"rendered":"TJ602-662 HGF"},"content":{"rendered":"<p>TJ602-662 HGF, Rolamentos com pre\u00e7os Incr\u00edveis em S\u00e3o Paulo. Despachamos para todo Brasil. Entre em contato e fa\u00e7a seu pedido. A melhor qualidade e o melhor servi\u00e7o! Rolamentos de diversas marcas. (NSK, SKF, FAG, NTN, SNR, INA, TIMKEN).<\/p>\n","protected":false},"excerpt":{"rendered":"<p>TJ602-662 HGF rolamento para engrenagens<\/p>\n","protected":false},"featured_media":17753,"template":"","meta":[],"product_brand":[],"product_cat":[12638,12633,25],"product_tag":[43,50,49,48,44,47,41,42,45,46,2399],"class_list":{"0":"post-5118","1":"product","2":"type-product","3":"status-publish","4":"has-post-thumbnail","6":"product_cat-hyundai","7":"product_cat-new-holland","8":"product_cat-rolamentos","9":"product_tag-esferas","10":"product_tag-iko","11":"product_tag-ina","12":"product_tag-koyo","13":"product_tag-linha-6000","14":"product_tag-ntn","15":"product_tag-rolamentos","16":"product_tag-rolos-abaulados","17":"product_tag-skf","18":"product_tag-timken","19":"product_tag-tj602-662-hgf","21":"first","22":"instock","23":"taxable","24":"shipping-taxable","25":"purchasable","26":"product-type-simple"},"_links":{"self":[{"href":"https:\/\/ultrarolamentos.com.br\/index.php\/wp-json\/wp\/v2\/product\/5118","targetHints":{"allow":["GET"]}}],"collection":[{"href":"https:\/\/ultrarolamentos.com.br\/index.php\/wp-json\/wp\/v2\/product"}],"about":[{"href":"https:\/\/ultrarolamentos.com.br\/index.php\/wp-json\/wp\/v2\/types\/product"}],"wp:featuredmedia":[{"embeddable":true,"href":"https:\/\/ultrarolamentos.com.br\/index.php\/wp-json\/wp\/v2\/media\/17753"}],"wp:attachment":[{"href":"https:\/\/ultrarolamentos.com.br\/index.php\/wp-json\/wp\/v2\/media?parent=5118"}],"wp:term":[{"taxonomy":"product_brand","embeddable":true,"href":"https:\/\/ultrarolamentos.com.br\/index.php\/wp-json\/wp\/v2\/product_brand?post=5118"},{"taxonomy":"product_cat","embeddable":true,"href":"https:\/\/ultrarolamentos.com.br\/index.php\/wp-json\/wp\/v2\/product_cat?post=5118"},{"taxonomy":"product_tag","embeddable":true,"href":"https:\/\/ultrarolamentos.com.br\/index.php\/wp-json\/wp\/v2\/product_tag?post=5118"}],"curies":[{"name":"wp","href":"https:\/\/api.w.org\/{rel}","templated":true}]}}