{"id":4543,"date":"2023-07-12T15:00:21","date_gmt":"2023-07-12T18:00:21","guid":{"rendered":"https:\/\/ultrarolamentos.com.br\/?post_type=product&#038;p=4543"},"modified":"2023-07-12T15:01:02","modified_gmt":"2023-07-12T18:01:02","slug":"4205-nsk-2","status":"publish","type":"product","link":"https:\/\/ultrarolamentos.com.br\/index.php\/produto\/4205-nsk-2\/","title":{"rendered":"4205 NSK"},"content":{"rendered":"<p>4205 NSK, Rolamentos com pre\u00e7os Incr\u00edveis em S\u00e3o Paulo. Despachamos para todo Brasil. Entre em contato e fa\u00e7a seu pedido. A melhor qualidade e o melhor servi\u00e7o! Rolamentos de diversas marcas. (NSK, SKF, FAG, NTN, SNR, INA, TIMKEN).<\/p>\n","protected":false},"excerpt":{"rendered":"<p>4205 NSK,  (NSK, SKF, FAG, NTN, SNR, INA, TIMKEN).<\/p>\n","protected":false},"featured_media":3615,"template":"","meta":[],"product_brand":[],"product_cat":[25],"product_tag":[1654,43,50,49,48,44,47,41,42,45,46],"class_list":{"0":"post-4543","1":"product","2":"type-product","3":"status-publish","4":"has-post-thumbnail","6":"product_cat-rolamentos","7":"product_tag-4205-nsk","8":"product_tag-esferas","9":"product_tag-iko","10":"product_tag-ina","11":"product_tag-koyo","12":"product_tag-linha-6000","13":"product_tag-ntn","14":"product_tag-rolamentos","15":"product_tag-rolos-abaulados","16":"product_tag-skf","17":"product_tag-timken","19":"first","20":"instock","21":"taxable","22":"shipping-taxable","23":"purchasable","24":"product-type-simple"},"_links":{"self":[{"href":"https:\/\/ultrarolamentos.com.br\/index.php\/wp-json\/wp\/v2\/product\/4543","targetHints":{"allow":["GET"]}}],"collection":[{"href":"https:\/\/ultrarolamentos.com.br\/index.php\/wp-json\/wp\/v2\/product"}],"about":[{"href":"https:\/\/ultrarolamentos.com.br\/index.php\/wp-json\/wp\/v2\/types\/product"}],"wp:featuredmedia":[{"embeddable":true,"href":"https:\/\/ultrarolamentos.com.br\/index.php\/wp-json\/wp\/v2\/media\/3615"}],"wp:attachment":[{"href":"https:\/\/ultrarolamentos.com.br\/index.php\/wp-json\/wp\/v2\/media?parent=4543"}],"wp:term":[{"taxonomy":"product_brand","embeddable":true,"href":"https:\/\/ultrarolamentos.com.br\/index.php\/wp-json\/wp\/v2\/product_brand?post=4543"},{"taxonomy":"product_cat","embeddable":true,"href":"https:\/\/ultrarolamentos.com.br\/index.php\/wp-json\/wp\/v2\/product_cat?post=4543"},{"taxonomy":"product_tag","embeddable":true,"href":"https:\/\/ultrarolamentos.com.br\/index.php\/wp-json\/wp\/v2\/product_tag?post=4543"}],"curies":[{"name":"wp","href":"https:\/\/api.w.org\/{rel}","templated":true}]}}