{"id":3649,"date":"2023-07-12T14:33:01","date_gmt":"2023-07-12T17:33:01","guid":{"rendered":"https:\/\/ultrarolamentos.com.br\/?post_type=product&#038;p=3649"},"modified":"2023-07-12T14:33:33","modified_gmt":"2023-07-12T17:33:33","slug":"nj311-ntn","status":"publish","type":"product","link":"https:\/\/ultrarolamentos.com.br\/index.php\/produto\/nj311-ntn\/","title":{"rendered":"NJ311 NTN"},"content":{"rendered":"<p>NJ311 NTN, Rolamentos com pre\u00e7os Incr\u00edveis em S\u00e3o Paulo. Despachamos para todo Brasil. Entre em contato e fa\u00e7a seu pedido. A melhor qualidade e o melhor servi\u00e7o! Rolamentos de diversas marcas. (NSK, SKF, FAG, NTN, SNR, INA, TIMKEN).<\/p>\n","protected":false},"excerpt":{"rendered":"<p>NJ311 NTN,  (NSK, SKF, FAG, NTN, SNR, INA, TIMKEN).<\/p>\n","protected":false},"featured_media":3615,"template":"","meta":[],"product_brand":[],"product_cat":[25],"product_tag":[43,50,49,48,44,1615,47,41,42,45,46],"class_list":{"0":"post-3649","1":"product","2":"type-product","3":"status-publish","4":"has-post-thumbnail","6":"product_cat-rolamentos","7":"product_tag-esferas","8":"product_tag-iko","9":"product_tag-ina","10":"product_tag-koyo","11":"product_tag-linha-6000","12":"product_tag-nj311-ntn","13":"product_tag-ntn","14":"product_tag-rolamentos","15":"product_tag-rolos-abaulados","16":"product_tag-skf","17":"product_tag-timken","19":"first","20":"instock","21":"taxable","22":"shipping-taxable","23":"purchasable","24":"product-type-simple"},"_links":{"self":[{"href":"https:\/\/ultrarolamentos.com.br\/index.php\/wp-json\/wp\/v2\/product\/3649","targetHints":{"allow":["GET"]}}],"collection":[{"href":"https:\/\/ultrarolamentos.com.br\/index.php\/wp-json\/wp\/v2\/product"}],"about":[{"href":"https:\/\/ultrarolamentos.com.br\/index.php\/wp-json\/wp\/v2\/types\/product"}],"wp:featuredmedia":[{"embeddable":true,"href":"https:\/\/ultrarolamentos.com.br\/index.php\/wp-json\/wp\/v2\/media\/3615"}],"wp:attachment":[{"href":"https:\/\/ultrarolamentos.com.br\/index.php\/wp-json\/wp\/v2\/media?parent=3649"}],"wp:term":[{"taxonomy":"product_brand","embeddable":true,"href":"https:\/\/ultrarolamentos.com.br\/index.php\/wp-json\/wp\/v2\/product_brand?post=3649"},{"taxonomy":"product_cat","embeddable":true,"href":"https:\/\/ultrarolamentos.com.br\/index.php\/wp-json\/wp\/v2\/product_cat?post=3649"},{"taxonomy":"product_tag","embeddable":true,"href":"https:\/\/ultrarolamentos.com.br\/index.php\/wp-json\/wp\/v2\/product_tag?post=3649"}],"curies":[{"name":"wp","href":"https:\/\/api.w.org\/{rel}","templated":true}]}}