{"id":17837,"date":"2023-09-25T11:57:51","date_gmt":"2023-09-25T14:57:51","guid":{"rendered":"https:\/\/ultrarolamentos.com.br\/?post_type=product&#038;p=17837"},"modified":"2023-09-25T11:57:55","modified_gmt":"2023-09-25T14:57:55","slug":"sf4454px1","status":"publish","type":"product","link":"https:\/\/ultrarolamentos.com.br\/index.php\/produto\/sf4454px1\/","title":{"rendered":"SF4454PX1"},"content":{"rendered":"<p>SF4454PX1-ROLAMENTO DE ESFERAS VOLVO TRATORES<br \/>\nCONSULTE VENDEDOR PARA DUVIDAS SOBRE MEDIDAS E INFORMA\u00c7\u00d5ES T\u00c9CNICAS<\/p>\n","protected":false},"excerpt":{"rendered":"<p>SF4454PX1-ROLAMENTO DE ESFERAS VOLVO TRATORES<\/p>\n","protected":false},"featured_media":17822,"template":"","meta":[],"product_brand":[],"product_cat":[12628,12637],"product_tag":[],"class_list":{"0":"post-17837","1":"product","2":"type-product","3":"status-publish","4":"has-post-thumbnail","6":"product_cat-rolamentos-esferas","7":"product_cat-volvo","9":"first","10":"instock","11":"taxable","12":"shipping-taxable","13":"purchasable","14":"product-type-simple"},"_links":{"self":[{"href":"https:\/\/ultrarolamentos.com.br\/index.php\/wp-json\/wp\/v2\/product\/17837","targetHints":{"allow":["GET"]}}],"collection":[{"href":"https:\/\/ultrarolamentos.com.br\/index.php\/wp-json\/wp\/v2\/product"}],"about":[{"href":"https:\/\/ultrarolamentos.com.br\/index.php\/wp-json\/wp\/v2\/types\/product"}],"wp:featuredmedia":[{"embeddable":true,"href":"https:\/\/ultrarolamentos.com.br\/index.php\/wp-json\/wp\/v2\/media\/17822"}],"wp:attachment":[{"href":"https:\/\/ultrarolamentos.com.br\/index.php\/wp-json\/wp\/v2\/media?parent=17837"}],"wp:term":[{"taxonomy":"product_brand","embeddable":true,"href":"https:\/\/ultrarolamentos.com.br\/index.php\/wp-json\/wp\/v2\/product_brand?post=17837"},{"taxonomy":"product_cat","embeddable":true,"href":"https:\/\/ultrarolamentos.com.br\/index.php\/wp-json\/wp\/v2\/product_cat?post=17837"},{"taxonomy":"product_tag","embeddable":true,"href":"https:\/\/ultrarolamentos.com.br\/index.php\/wp-json\/wp\/v2\/product_tag?post=17837"}],"curies":[{"name":"wp","href":"https:\/\/api.w.org\/{rel}","templated":true}]}}