{"id":17836,"date":"2023-09-25T11:53:20","date_gmt":"2023-09-25T14:53:20","guid":{"rendered":"https:\/\/ultrarolamentos.com.br\/?post_type=product&#038;p=17836"},"modified":"2023-09-25T11:53:23","modified_gmt":"2023-09-25T14:53:23","slug":"7117300110","status":"publish","type":"product","link":"https:\/\/ultrarolamentos.com.br\/index.php\/produto\/7117300110\/","title":{"rendered":"711730110"},"content":{"rendered":"<p>711730110 ROLAMENTO DE ESFERAS APLICA\u00c7\u00c3O VOLVO TRATORES<br \/>\nCONSULTE VENDEDOR PARA DUVIDAS SOBRE MEDIDAS E INFORMA\u00c7\u00d5ES T\u00c9CNICAS<\/p>\n","protected":false},"excerpt":{"rendered":"<p>711730110 ROLAMENTO DE ESFERAS APLICA\u00c7\u00c3O VOLVO TRATORES CONSULTE VENDEDOR PARA DUVIDAS SOBRE MEDIDAS E INFORMA\u00c7\u00d5ES T\u00c9CNICAS<\/p>\n","protected":false},"featured_media":17822,"template":"","meta":[],"product_brand":[],"product_cat":[12628,12637],"product_tag":[],"class_list":{"0":"post-17836","1":"product","2":"type-product","3":"status-publish","4":"has-post-thumbnail","6":"product_cat-rolamentos-esferas","7":"product_cat-volvo","9":"first","10":"instock","11":"taxable","12":"shipping-taxable","13":"purchasable","14":"product-type-simple"},"_links":{"self":[{"href":"https:\/\/ultrarolamentos.com.br\/index.php\/wp-json\/wp\/v2\/product\/17836","targetHints":{"allow":["GET"]}}],"collection":[{"href":"https:\/\/ultrarolamentos.com.br\/index.php\/wp-json\/wp\/v2\/product"}],"about":[{"href":"https:\/\/ultrarolamentos.com.br\/index.php\/wp-json\/wp\/v2\/types\/product"}],"wp:featuredmedia":[{"embeddable":true,"href":"https:\/\/ultrarolamentos.com.br\/index.php\/wp-json\/wp\/v2\/media\/17822"}],"wp:attachment":[{"href":"https:\/\/ultrarolamentos.com.br\/index.php\/wp-json\/wp\/v2\/media?parent=17836"}],"wp:term":[{"taxonomy":"product_brand","embeddable":true,"href":"https:\/\/ultrarolamentos.com.br\/index.php\/wp-json\/wp\/v2\/product_brand?post=17836"},{"taxonomy":"product_cat","embeddable":true,"href":"https:\/\/ultrarolamentos.com.br\/index.php\/wp-json\/wp\/v2\/product_cat?post=17836"},{"taxonomy":"product_tag","embeddable":true,"href":"https:\/\/ultrarolamentos.com.br\/index.php\/wp-json\/wp\/v2\/product_tag?post=17836"}],"curies":[{"name":"wp","href":"https:\/\/api.w.org\/{rel}","templated":true}]}}