{"id":17825,"date":"2023-09-22T11:00:58","date_gmt":"2023-09-22T14:00:58","guid":{"rendered":"https:\/\/ultrarolamentos.com.br\/?post_type=product&#038;p=17825"},"modified":"2023-09-22T11:01:02","modified_gmt":"2023-09-22T14:01:02","slug":"110900033-rolamento-de-esferas-aplicacao-doosan-dx-180lc-escavadeira","status":"publish","type":"product","link":"https:\/\/ultrarolamentos.com.br\/index.php\/produto\/110900033-rolamento-de-esferas-aplicacao-doosan-dx-180lc-escavadeira\/","title":{"rendered":"110900033"},"content":{"rendered":"<p>110900033 ROLAMENTO DE ESFERAS APLICA\u00c7\u00c3O DOOSAN DX 180LC ESCAVADEIRA<br \/>\nCONSULTE VENDEDOR PARA TIRAR DUVIDAS SOBRE MEDIDAS E ESPECIFICA\u00c7\u00d5ES T\u00c9CNICAS<\/p>\n","protected":false},"excerpt":{"rendered":"<p>110900033 ROLAMENTO DE ESFERAS APLICA\u00c7\u00c3O DOOSAN DX 180LC ESCAVADEIRA CONSULTE VENDEDOR PARA TIRAR DUVIDAS SOBRE MEDIDAS E ESPECIFICA\u00c7\u00d5ES T\u00c9CNICAS<\/p>\n","protected":false},"featured_media":17822,"template":"","meta":[],"product_brand":[],"product_cat":[12639,12628],"product_tag":[],"class_list":{"0":"post-17825","1":"product","2":"type-product","3":"status-publish","4":"has-post-thumbnail","6":"product_cat-doosan","7":"product_cat-rolamentos-esferas","9":"first","10":"instock","11":"taxable","12":"shipping-taxable","13":"purchasable","14":"product-type-simple"},"_links":{"self":[{"href":"https:\/\/ultrarolamentos.com.br\/index.php\/wp-json\/wp\/v2\/product\/17825","targetHints":{"allow":["GET"]}}],"collection":[{"href":"https:\/\/ultrarolamentos.com.br\/index.php\/wp-json\/wp\/v2\/product"}],"about":[{"href":"https:\/\/ultrarolamentos.com.br\/index.php\/wp-json\/wp\/v2\/types\/product"}],"wp:featuredmedia":[{"embeddable":true,"href":"https:\/\/ultrarolamentos.com.br\/index.php\/wp-json\/wp\/v2\/media\/17822"}],"wp:attachment":[{"href":"https:\/\/ultrarolamentos.com.br\/index.php\/wp-json\/wp\/v2\/media?parent=17825"}],"wp:term":[{"taxonomy":"product_brand","embeddable":true,"href":"https:\/\/ultrarolamentos.com.br\/index.php\/wp-json\/wp\/v2\/product_brand?post=17825"},{"taxonomy":"product_cat","embeddable":true,"href":"https:\/\/ultrarolamentos.com.br\/index.php\/wp-json\/wp\/v2\/product_cat?post=17825"},{"taxonomy":"product_tag","embeddable":true,"href":"https:\/\/ultrarolamentos.com.br\/index.php\/wp-json\/wp\/v2\/product_tag?post=17825"}],"curies":[{"name":"wp","href":"https:\/\/api.w.org\/{rel}","templated":true}]}}