{"id":17824,"date":"2023-09-22T10:55:55","date_gmt":"2023-09-22T13:55:55","guid":{"rendered":"https:\/\/ultrarolamentos.com.br\/?post_type=product&#038;p=17824"},"modified":"2023-09-22T10:55:58","modified_gmt":"2023-09-22T13:55:58","slug":"rolamento-de-esferas-hyundai-tratores","status":"publish","type":"product","link":"https:\/\/ultrarolamentos.com.br\/index.php\/produto\/rolamento-de-esferas-hyundai-tratores\/","title":{"rendered":"XKAH00340"},"content":{"rendered":"<h1 class=\"product-name\">ROLAMENTO REDUTOR HYUNDAI R140LC7<\/h1>\n<p>CONSULTE VENDEDOR PARA INFORMA\u00c7\u00c3O SOBRE MEDIDAS E ESPECIFICA\u00c7\u00d5ES TECNICAS<\/p>\n","protected":false},"excerpt":{"rendered":"<p>ROLAMENTO REDUTOR HYUNDAI R140LC7 CONSULTE VENDEDOR PARA INFORMA\u00c7\u00c3O SOBRE MEDIDAS E ESPECIFICA\u00c7\u00d5ES TECNICAS<\/p>\n","protected":false},"featured_media":17822,"template":"","meta":[],"product_brand":[],"product_cat":[12638,12628],"product_tag":[],"class_list":{"0":"post-17824","1":"product","2":"type-product","3":"status-publish","4":"has-post-thumbnail","6":"product_cat-hyundai","7":"product_cat-rolamentos-esferas","9":"first","10":"instock","11":"taxable","12":"shipping-taxable","13":"purchasable","14":"product-type-simple"},"_links":{"self":[{"href":"https:\/\/ultrarolamentos.com.br\/index.php\/wp-json\/wp\/v2\/product\/17824","targetHints":{"allow":["GET"]}}],"collection":[{"href":"https:\/\/ultrarolamentos.com.br\/index.php\/wp-json\/wp\/v2\/product"}],"about":[{"href":"https:\/\/ultrarolamentos.com.br\/index.php\/wp-json\/wp\/v2\/types\/product"}],"wp:featuredmedia":[{"embeddable":true,"href":"https:\/\/ultrarolamentos.com.br\/index.php\/wp-json\/wp\/v2\/media\/17822"}],"wp:attachment":[{"href":"https:\/\/ultrarolamentos.com.br\/index.php\/wp-json\/wp\/v2\/media?parent=17824"}],"wp:term":[{"taxonomy":"product_brand","embeddable":true,"href":"https:\/\/ultrarolamentos.com.br\/index.php\/wp-json\/wp\/v2\/product_brand?post=17824"},{"taxonomy":"product_cat","embeddable":true,"href":"https:\/\/ultrarolamentos.com.br\/index.php\/wp-json\/wp\/v2\/product_cat?post=17824"},{"taxonomy":"product_tag","embeddable":true,"href":"https:\/\/ultrarolamentos.com.br\/index.php\/wp-json\/wp\/v2\/product_tag?post=17824"}],"curies":[{"name":"wp","href":"https:\/\/api.w.org\/{rel}","templated":true}]}}