{"id":17823,"date":"2023-09-22T10:46:47","date_gmt":"2023-09-22T13:46:47","guid":{"rendered":"https:\/\/ultrarolamentos.com.br\/?post_type=product&#038;p=17823"},"modified":"2023-09-22T10:46:49","modified_gmt":"2023-09-22T13:46:49","slug":"rolamentos-de-esferas-caterpillar","status":"publish","type":"product","link":"https:\/\/ultrarolamentos.com.br\/index.php\/produto\/rolamentos-de-esferas-caterpillar\/","title":{"rendered":"BA222-1WSA"},"content":{"rendered":"<p>BA222-1WSA ROLAMENTO DE ESFERAS<br \/>\nCONSULTE VENDEDOR PARA TIRAR DUVIDAS SOBRE MEDIDAS E ESPECIFICA\u00c7\u00d5ES T\u00c9CNICAS<\/p>\n","protected":false},"excerpt":{"rendered":"<p>BA222-1WSA ROLAMENTO DE ESFERAS CONSULTE VENDEDOR PARA TIRAR DUVIDAS SOBRE MEDIDAS E ESPECIFICA\u00c7\u00d5ES T\u00c9CNICAS<\/p>\n","protected":false},"featured_media":17822,"template":"","meta":[],"product_brand":[],"product_cat":[12627,12628],"product_tag":[],"class_list":{"0":"post-17823","1":"product","2":"type-product","3":"status-publish","4":"has-post-thumbnail","6":"product_cat-caterpillar","7":"product_cat-rolamentos-esferas","9":"first","10":"instock","11":"taxable","12":"shipping-taxable","13":"purchasable","14":"product-type-simple"},"_links":{"self":[{"href":"https:\/\/ultrarolamentos.com.br\/index.php\/wp-json\/wp\/v2\/product\/17823","targetHints":{"allow":["GET"]}}],"collection":[{"href":"https:\/\/ultrarolamentos.com.br\/index.php\/wp-json\/wp\/v2\/product"}],"about":[{"href":"https:\/\/ultrarolamentos.com.br\/index.php\/wp-json\/wp\/v2\/types\/product"}],"wp:featuredmedia":[{"embeddable":true,"href":"https:\/\/ultrarolamentos.com.br\/index.php\/wp-json\/wp\/v2\/media\/17822"}],"wp:attachment":[{"href":"https:\/\/ultrarolamentos.com.br\/index.php\/wp-json\/wp\/v2\/media?parent=17823"}],"wp:term":[{"taxonomy":"product_brand","embeddable":true,"href":"https:\/\/ultrarolamentos.com.br\/index.php\/wp-json\/wp\/v2\/product_brand?post=17823"},{"taxonomy":"product_cat","embeddable":true,"href":"https:\/\/ultrarolamentos.com.br\/index.php\/wp-json\/wp\/v2\/product_cat?post=17823"},{"taxonomy":"product_tag","embeddable":true,"href":"https:\/\/ultrarolamentos.com.br\/index.php\/wp-json\/wp\/v2\/product_tag?post=17823"}],"curies":[{"name":"wp","href":"https:\/\/api.w.org\/{rel}","templated":true}]}}