{"id":17767,"date":"2023-09-14T15:09:49","date_gmt":"2023-09-14T18:09:49","guid":{"rendered":"https:\/\/ultrarolamentos.com.br\/?post_type=product&#038;p=17767"},"modified":"2023-09-14T15:09:52","modified_gmt":"2023-09-14T18:09:52","slug":"f218867","status":"publish","type":"product","link":"https:\/\/ultrarolamentos.com.br\/index.php\/produto\/f218867\/","title":{"rendered":"F218867"},"content":{"rendered":"<p>F218867-ROLAMENTO PARA ENGRENAGEM VOLVO TRATORES<br \/>\nCONSULTE VENDEDOR PARA MEDIDAS E INFORMA\u00c7\u00d5ES T\u00c9CNICAS<\/p>\n","protected":false},"excerpt":{"rendered":"<p>F218867-ROLAMENTO PARA ENGRENAGEM VOLVO TRATORES CONSULTE VENDEDOR PARA MEDIDAS E INFORMA\u00c7\u00d5ES T\u00c9CNICAS<\/p>\n","protected":false},"featured_media":17753,"template":"","meta":[],"product_brand":[],"product_cat":[12632,12637],"product_tag":[],"class_list":{"0":"post-17767","1":"product","2":"type-product","3":"status-publish","4":"has-post-thumbnail","6":"product_cat-rolamentos-engrenagens","7":"product_cat-volvo","9":"first","10":"instock","11":"taxable","12":"shipping-taxable","13":"purchasable","14":"product-type-simple"},"_links":{"self":[{"href":"https:\/\/ultrarolamentos.com.br\/index.php\/wp-json\/wp\/v2\/product\/17767","targetHints":{"allow":["GET"]}}],"collection":[{"href":"https:\/\/ultrarolamentos.com.br\/index.php\/wp-json\/wp\/v2\/product"}],"about":[{"href":"https:\/\/ultrarolamentos.com.br\/index.php\/wp-json\/wp\/v2\/types\/product"}],"wp:featuredmedia":[{"embeddable":true,"href":"https:\/\/ultrarolamentos.com.br\/index.php\/wp-json\/wp\/v2\/media\/17753"}],"wp:attachment":[{"href":"https:\/\/ultrarolamentos.com.br\/index.php\/wp-json\/wp\/v2\/media?parent=17767"}],"wp:term":[{"taxonomy":"product_brand","embeddable":true,"href":"https:\/\/ultrarolamentos.com.br\/index.php\/wp-json\/wp\/v2\/product_brand?post=17767"},{"taxonomy":"product_cat","embeddable":true,"href":"https:\/\/ultrarolamentos.com.br\/index.php\/wp-json\/wp\/v2\/product_cat?post=17767"},{"taxonomy":"product_tag","embeddable":true,"href":"https:\/\/ultrarolamentos.com.br\/index.php\/wp-json\/wp\/v2\/product_tag?post=17767"}],"curies":[{"name":"wp","href":"https:\/\/api.w.org\/{rel}","templated":true}]}}