{"id":17764,"date":"2023-09-14T14:52:22","date_gmt":"2023-09-14T17:52:22","guid":{"rendered":"https:\/\/ultrarolamentos.com.br\/?post_type=product&#038;p=17764"},"modified":"2023-09-14T14:52:25","modified_gmt":"2023-09-14T17:52:25","slug":"11035523-2","status":"publish","type":"product","link":"https:\/\/ultrarolamentos.com.br\/index.php\/produto\/11035523-2\/","title":{"rendered":"11035523"},"content":{"rendered":"<p>11035523-ROLAMENTO PARA ENGRENAGEM VOLVO TRATORES<br \/>\nCONSULTE O VENDEDOR PARA MEDIDAS E INFORMA\u00c7\u00c3O T\u00c9CNICAS<\/p>\n","protected":false},"excerpt":{"rendered":"<p>11035523-ROLAMENTO PARA ENGRENAGEM VOLVO TRATORES CONSULTE O VENDEDOR PARA MEDIDAS E INFORMA\u00c7\u00c3O T\u00c9CNICAS<\/p>\n","protected":false},"featured_media":17753,"template":"","meta":[],"product_brand":[],"product_cat":[12632,12637],"product_tag":[],"class_list":{"0":"post-17764","1":"product","2":"type-product","3":"status-publish","4":"has-post-thumbnail","6":"product_cat-rolamentos-engrenagens","7":"product_cat-volvo","9":"first","10":"instock","11":"taxable","12":"shipping-taxable","13":"purchasable","14":"product-type-simple"},"_links":{"self":[{"href":"https:\/\/ultrarolamentos.com.br\/index.php\/wp-json\/wp\/v2\/product\/17764","targetHints":{"allow":["GET"]}}],"collection":[{"href":"https:\/\/ultrarolamentos.com.br\/index.php\/wp-json\/wp\/v2\/product"}],"about":[{"href":"https:\/\/ultrarolamentos.com.br\/index.php\/wp-json\/wp\/v2\/types\/product"}],"wp:featuredmedia":[{"embeddable":true,"href":"https:\/\/ultrarolamentos.com.br\/index.php\/wp-json\/wp\/v2\/media\/17753"}],"wp:attachment":[{"href":"https:\/\/ultrarolamentos.com.br\/index.php\/wp-json\/wp\/v2\/media?parent=17764"}],"wp:term":[{"taxonomy":"product_brand","embeddable":true,"href":"https:\/\/ultrarolamentos.com.br\/index.php\/wp-json\/wp\/v2\/product_brand?post=17764"},{"taxonomy":"product_cat","embeddable":true,"href":"https:\/\/ultrarolamentos.com.br\/index.php\/wp-json\/wp\/v2\/product_cat?post=17764"},{"taxonomy":"product_tag","embeddable":true,"href":"https:\/\/ultrarolamentos.com.br\/index.php\/wp-json\/wp\/v2\/product_tag?post=17764"}],"curies":[{"name":"wp","href":"https:\/\/api.w.org\/{rel}","templated":true}]}}