{"id":17763,"date":"2023-09-14T14:41:22","date_gmt":"2023-09-14T17:41:22","guid":{"rendered":"https:\/\/ultrarolamentos.com.br\/?post_type=product&#038;p=17763"},"modified":"2023-09-14T14:41:25","modified_gmt":"2023-09-14T17:41:25","slug":"zgaq02500-2","status":"publish","type":"product","link":"https:\/\/ultrarolamentos.com.br\/index.php\/produto\/zgaq02500-2\/","title":{"rendered":"ZGAQ02500"},"content":{"rendered":"<p>ZGAQ02500-ROLAMENTO PARA ENGRENAGEM, HYUNDAI TRATORES<br \/>\nCONSULTE O VENDEDOR, PARA MEDIDAS E ESPECIFICA\u00c7\u00d5ES T\u00c9CNICAS<\/p>\n","protected":false},"excerpt":{"rendered":"<p>ZGAQ02500-ROLAMENTO PARA ENGRENAGEM, HYUNDAI TRATORES CONSULTE O VENDEDOR, PARA MEDIDAS E ESPECIFICA\u00c7\u00d5ES T\u00c9CNICAS<\/p>\n","protected":false},"featured_media":17751,"template":"","meta":[],"product_brand":[],"product_cat":[12638,12632],"product_tag":[],"class_list":{"0":"post-17763","1":"product","2":"type-product","3":"status-publish","4":"has-post-thumbnail","6":"product_cat-hyundai","7":"product_cat-rolamentos-engrenagens","9":"first","10":"instock","11":"taxable","12":"shipping-taxable","13":"purchasable","14":"product-type-simple"},"_links":{"self":[{"href":"https:\/\/ultrarolamentos.com.br\/index.php\/wp-json\/wp\/v2\/product\/17763","targetHints":{"allow":["GET"]}}],"collection":[{"href":"https:\/\/ultrarolamentos.com.br\/index.php\/wp-json\/wp\/v2\/product"}],"about":[{"href":"https:\/\/ultrarolamentos.com.br\/index.php\/wp-json\/wp\/v2\/types\/product"}],"wp:featuredmedia":[{"embeddable":true,"href":"https:\/\/ultrarolamentos.com.br\/index.php\/wp-json\/wp\/v2\/media\/17751"}],"wp:attachment":[{"href":"https:\/\/ultrarolamentos.com.br\/index.php\/wp-json\/wp\/v2\/media?parent=17763"}],"wp:term":[{"taxonomy":"product_brand","embeddable":true,"href":"https:\/\/ultrarolamentos.com.br\/index.php\/wp-json\/wp\/v2\/product_brand?post=17763"},{"taxonomy":"product_cat","embeddable":true,"href":"https:\/\/ultrarolamentos.com.br\/index.php\/wp-json\/wp\/v2\/product_cat?post=17763"},{"taxonomy":"product_tag","embeddable":true,"href":"https:\/\/ultrarolamentos.com.br\/index.php\/wp-json\/wp\/v2\/product_tag?post=17763"}],"curies":[{"name":"wp","href":"https:\/\/api.w.org\/{rel}","templated":true}]}}