{"id":17762,"date":"2023-09-14T14:26:46","date_gmt":"2023-09-14T17:26:46","guid":{"rendered":"https:\/\/ultrarolamentos.com.br\/?post_type=product&#038;p=17762"},"modified":"2023-09-14T14:26:50","modified_gmt":"2023-09-14T17:26:50","slug":"f213616","status":"publish","type":"product","link":"https:\/\/ultrarolamentos.com.br\/index.php\/produto\/f213616\/","title":{"rendered":"F213616"},"content":{"rendered":"<p>F213616-ROLAMENTO PARA ENGRENAGEM FIAT-ALLIS, NEW-HOLLAND<br \/>\nCONSULTE O VENDEDOR, PARA MEDIDAS E INFORMA\u00c7\u00d5ES T\u00c9CNICAS<\/p>\n","protected":false},"excerpt":{"rendered":"<p>F213616-ROLAMENTO PARA ENGRENAGEM FIAT-ALLIS, NEW-HOLLAND CONSULTE O VENDEDOR, PARA MEDIDAS E INFORMA\u00c7\u00d5ES T\u00c9CNICAS<\/p>\n","protected":false},"featured_media":17753,"template":"","meta":[],"product_brand":[],"product_cat":[51,12633,12632],"product_tag":[],"class_list":{"0":"post-17762","1":"product","2":"type-product","3":"status-publish","4":"has-post-thumbnail","6":"product_cat-fiatallis","7":"product_cat-new-holland","8":"product_cat-rolamentos-engrenagens","10":"first","11":"instock","12":"taxable","13":"shipping-taxable","14":"purchasable","15":"product-type-simple"},"_links":{"self":[{"href":"https:\/\/ultrarolamentos.com.br\/index.php\/wp-json\/wp\/v2\/product\/17762","targetHints":{"allow":["GET"]}}],"collection":[{"href":"https:\/\/ultrarolamentos.com.br\/index.php\/wp-json\/wp\/v2\/product"}],"about":[{"href":"https:\/\/ultrarolamentos.com.br\/index.php\/wp-json\/wp\/v2\/types\/product"}],"wp:featuredmedia":[{"embeddable":true,"href":"https:\/\/ultrarolamentos.com.br\/index.php\/wp-json\/wp\/v2\/media\/17753"}],"wp:attachment":[{"href":"https:\/\/ultrarolamentos.com.br\/index.php\/wp-json\/wp\/v2\/media?parent=17762"}],"wp:term":[{"taxonomy":"product_brand","embeddable":true,"href":"https:\/\/ultrarolamentos.com.br\/index.php\/wp-json\/wp\/v2\/product_brand?post=17762"},{"taxonomy":"product_cat","embeddable":true,"href":"https:\/\/ultrarolamentos.com.br\/index.php\/wp-json\/wp\/v2\/product_cat?post=17762"},{"taxonomy":"product_tag","embeddable":true,"href":"https:\/\/ultrarolamentos.com.br\/index.php\/wp-json\/wp\/v2\/product_tag?post=17762"}],"curies":[{"name":"wp","href":"https:\/\/api.w.org\/{rel}","templated":true}]}}