{"id":17761,"date":"2023-09-14T14:22:55","date_gmt":"2023-09-14T17:22:55","guid":{"rendered":"https:\/\/ultrarolamentos.com.br\/?post_type=product&#038;p=17761"},"modified":"2023-09-14T14:22:58","modified_gmt":"2023-09-14T17:22:58","slug":"87708444-2","status":"publish","type":"product","link":"https:\/\/ultrarolamentos.com.br\/index.php\/produto\/87708444-2\/","title":{"rendered":"87708444"},"content":{"rendered":"<p>87708444-ROLAMENTOS ENGRENAGENS FIAT-ALLIS, NEW-HOLLAND<br \/>\nCONSULTE VENDEDOR, PARA MEDIDAS E INFORMA\u00c7\u00d5ES T\u00c9CNICAS, ANTES DE COMPRAR<\/p>\n","protected":false},"excerpt":{"rendered":"<p>87708444-ROLAMENTOS ENGRENAGENS FIAT-ALLIS, NEW-HOLLAND CONSULTE VENDEDOR, PARA MEDIDAS E INFORMA\u00c7\u00d5ES T\u00c9CNICAS, ANTES DE COMPRAR<\/p>\n","protected":false},"featured_media":17751,"template":"","meta":[],"product_brand":[],"product_cat":[51,12633,12632],"product_tag":[],"class_list":{"0":"post-17761","1":"product","2":"type-product","3":"status-publish","4":"has-post-thumbnail","6":"product_cat-fiatallis","7":"product_cat-new-holland","8":"product_cat-rolamentos-engrenagens","10":"first","11":"instock","12":"taxable","13":"shipping-taxable","14":"purchasable","15":"product-type-simple"},"_links":{"self":[{"href":"https:\/\/ultrarolamentos.com.br\/index.php\/wp-json\/wp\/v2\/product\/17761","targetHints":{"allow":["GET"]}}],"collection":[{"href":"https:\/\/ultrarolamentos.com.br\/index.php\/wp-json\/wp\/v2\/product"}],"about":[{"href":"https:\/\/ultrarolamentos.com.br\/index.php\/wp-json\/wp\/v2\/types\/product"}],"wp:featuredmedia":[{"embeddable":true,"href":"https:\/\/ultrarolamentos.com.br\/index.php\/wp-json\/wp\/v2\/media\/17751"}],"wp:attachment":[{"href":"https:\/\/ultrarolamentos.com.br\/index.php\/wp-json\/wp\/v2\/media?parent=17761"}],"wp:term":[{"taxonomy":"product_brand","embeddable":true,"href":"https:\/\/ultrarolamentos.com.br\/index.php\/wp-json\/wp\/v2\/product_brand?post=17761"},{"taxonomy":"product_cat","embeddable":true,"href":"https:\/\/ultrarolamentos.com.br\/index.php\/wp-json\/wp\/v2\/product_cat?post=17761"},{"taxonomy":"product_tag","embeddable":true,"href":"https:\/\/ultrarolamentos.com.br\/index.php\/wp-json\/wp\/v2\/product_tag?post=17761"}],"curies":[{"name":"wp","href":"https:\/\/api.w.org\/{rel}","templated":true}]}}