{"id":17756,"date":"2023-09-14T13:57:30","date_gmt":"2023-09-14T16:57:30","guid":{"rendered":"https:\/\/ultrarolamentos.com.br\/?post_type=product&#038;p=17756"},"modified":"2023-09-14T13:57:33","modified_gmt":"2023-09-14T16:57:33","slug":"f49285","status":"publish","type":"product","link":"https:\/\/ultrarolamentos.com.br\/index.php\/produto\/f49285\/","title":{"rendered":"F49285"},"content":{"rendered":"<p>F49285-ROLAMENTOS PARA ENGRENAGENS TRATORES JCB<br \/>\nCONSULTE O VENDEDOR SOBRE MEDIDAS E ESPECIFICA\u00c7\u00d5ES T\u00c9CNICAS<\/p>\n","protected":false},"excerpt":{"rendered":"<p>F49285-ROLAMENTOS PARA ENGRENAGENS TRATORES JCB CONSULTE O VENDEDOR SOBRE MEDIDAS E ESPECIFICA\u00c7\u00d5ES T\u00c9CNICAS<\/p>\n","protected":false},"featured_media":17753,"template":"","meta":[],"product_brand":[],"product_cat":[12635,12632],"product_tag":[],"class_list":{"0":"post-17756","1":"product","2":"type-product","3":"status-publish","4":"has-post-thumbnail","6":"product_cat-jcb","7":"product_cat-rolamentos-engrenagens","9":"first","10":"instock","11":"taxable","12":"shipping-taxable","13":"purchasable","14":"product-type-simple"},"_links":{"self":[{"href":"https:\/\/ultrarolamentos.com.br\/index.php\/wp-json\/wp\/v2\/product\/17756","targetHints":{"allow":["GET"]}}],"collection":[{"href":"https:\/\/ultrarolamentos.com.br\/index.php\/wp-json\/wp\/v2\/product"}],"about":[{"href":"https:\/\/ultrarolamentos.com.br\/index.php\/wp-json\/wp\/v2\/types\/product"}],"wp:featuredmedia":[{"embeddable":true,"href":"https:\/\/ultrarolamentos.com.br\/index.php\/wp-json\/wp\/v2\/media\/17753"}],"wp:attachment":[{"href":"https:\/\/ultrarolamentos.com.br\/index.php\/wp-json\/wp\/v2\/media?parent=17756"}],"wp:term":[{"taxonomy":"product_brand","embeddable":true,"href":"https:\/\/ultrarolamentos.com.br\/index.php\/wp-json\/wp\/v2\/product_brand?post=17756"},{"taxonomy":"product_cat","embeddable":true,"href":"https:\/\/ultrarolamentos.com.br\/index.php\/wp-json\/wp\/v2\/product_cat?post=17756"},{"taxonomy":"product_tag","embeddable":true,"href":"https:\/\/ultrarolamentos.com.br\/index.php\/wp-json\/wp\/v2\/product_tag?post=17756"}],"curies":[{"name":"wp","href":"https:\/\/api.w.org\/{rel}","templated":true}]}}