{"id":17457,"date":"2023-08-01T10:45:17","date_gmt":"2023-08-01T13:45:17","guid":{"rendered":"https:\/\/ultrarolamentos.com.br\/index.php\/produto\/6305-zzc3\/"},"modified":"2023-08-01T12:19:07","modified_gmt":"2023-08-01T15:19:07","slug":"6305-zzc3","status":"publish","type":"product","link":"https:\/\/ultrarolamentos.com.br\/index.php\/produto\/6305-zzc3\/","title":{"rendered":"6305 ZZC3"},"content":{"rendered":"<p>6305 ZZC3- HGF Rolamentos com pre\u00e7os Incr\u00edveis em S\u00e3o Paulo. Despachamos para todo Brasil. Entre em contato e fa\u00e7a seu pedido. A melhor qualidade e o melhor servi\u00e7o! Rolamentos de diversas marcas. <\/p>\n","protected":false},"excerpt":{"rendered":"<p>6305 ZZC3- HGF<\/p>\n","protected":false},"featured_media":3615,"template":"","meta":[],"product_brand":[],"product_cat":[12485,25],"product_tag":[12516,2511,43,50,49,48,44,47,41,42,45,46],"class_list":{"0":"post-17457","1":"product","2":"type-product","3":"status-publish","4":"has-post-thumbnail","6":"product_cat-hgf","7":"product_cat-rolamentos","8":"product_tag-6305-zzc3","9":"product_tag-al71099-2039295-nsk-st","10":"product_tag-esferas","11":"product_tag-iko","12":"product_tag-ina","13":"product_tag-koyo","14":"product_tag-linha-6000","15":"product_tag-ntn","16":"product_tag-rolamentos","17":"product_tag-rolos-abaulados","18":"product_tag-skf","19":"product_tag-timken","21":"first","22":"instock","23":"featured","24":"taxable","25":"shipping-taxable","26":"purchasable","27":"product-type-simple"},"_links":{"self":[{"href":"https:\/\/ultrarolamentos.com.br\/index.php\/wp-json\/wp\/v2\/product\/17457","targetHints":{"allow":["GET"]}}],"collection":[{"href":"https:\/\/ultrarolamentos.com.br\/index.php\/wp-json\/wp\/v2\/product"}],"about":[{"href":"https:\/\/ultrarolamentos.com.br\/index.php\/wp-json\/wp\/v2\/types\/product"}],"wp:featuredmedia":[{"embeddable":true,"href":"https:\/\/ultrarolamentos.com.br\/index.php\/wp-json\/wp\/v2\/media\/3615"}],"wp:attachment":[{"href":"https:\/\/ultrarolamentos.com.br\/index.php\/wp-json\/wp\/v2\/media?parent=17457"}],"wp:term":[{"taxonomy":"product_brand","embeddable":true,"href":"https:\/\/ultrarolamentos.com.br\/index.php\/wp-json\/wp\/v2\/product_brand?post=17457"},{"taxonomy":"product_cat","embeddable":true,"href":"https:\/\/ultrarolamentos.com.br\/index.php\/wp-json\/wp\/v2\/product_cat?post=17457"},{"taxonomy":"product_tag","embeddable":true,"href":"https:\/\/ultrarolamentos.com.br\/index.php\/wp-json\/wp\/v2\/product_tag?post=17457"}],"curies":[{"name":"wp","href":"https:\/\/api.w.org\/{rel}","templated":true}]}}