{"id":82,"date":"2019-10-03T07:59:25","date_gmt":"2019-10-03T10:59:25","guid":{"rendered":"https:\/\/ultrarolamentos.com.br\/index.php\/about-us\/"},"modified":"2023-06-19T19:35:36","modified_gmt":"2023-06-19T22:35:36","slug":"sobre-nos","status":"publish","type":"page","link":"https:\/\/ultrarolamentos.com.br\/index.php\/sobre-nos\/","title":{"rendered":"Sobre n\u00f3s"},"content":{"rendered":"\t\t<div data-elementor-type=\"wp-page\" data-elementor-id=\"82\" class=\"elementor elementor-82\" data-elementor-post-type=\"page\">\n\t\t\t\t\t\t<section class=\"elementor-section elementor-top-section elementor-element elementor-element-2fc2f7b elementor-section-content-middle elementor-reverse-mobile elementor-section-boxed elementor-section-height-default elementor-section-height-default\" data-id=\"2fc2f7b\" data-element_type=\"section\">\n\t\t\t\t\t\t<div class=\"elementor-container elementor-column-gap-default\">\n\t\t\t\t\t<div class=\"aux-parallax-section elementor-column elementor-col-50 elementor-top-column elementor-element elementor-element-09cb278\" data-id=\"09cb278\" data-element_type=\"column\">\n\t\t\t<div class=\"elementor-widget-wrap elementor-element-populated\">\n\t\t\t\t\t\t<div class=\"elementor-element elementor-element-5ffebb1 aux-appear-watch-animation aux-fade-in-up elementor-widget elementor-widget-aux_modern_heading\" data-id=\"5ffebb1\" data-element_type=\"widget\" data-widget_type=\"aux_modern_heading.default\">\n\t\t\t\t<div class=\"elementor-widget-container\">\n\t\t\t\t\t<section class=\"aux-widget-modern-heading\">\n            <div class=\"aux-widget-inner\"><h2 class=\"aux-modern-heading-primary\">Bem vindo!<\/h2><h3 class=\"aux-modern-heading-secondary\"><span class=\"aux-head-before\">Sobre n\u00f3s<\/span><\/h3><div class=\"aux-modern-heading-description\"><p>ULTRA ROLAMENTOS E SOLUCOES LTDA<\/p><p class=\"preFade fadeIn\">Somos a\u00a0<strong>ultra Rolamentos<\/strong>, uma empresa especializada na reposi\u00e7\u00e3o de\u00a0<strong>rolamentos<\/strong>\u00a0e pe\u00e7as industriais.<\/p><p class=\"preFade fadeIn\">Desde 2018, oferecemos uma ampla gama de produtos de alta qualidade das marcas mais expressivas do mercado.<\/p><p class=\"preFade fadeIn\">Com mais de\u00a0<strong>5 anos de experi\u00eancia<\/strong>, temos orgulho em ser um dos l\u00edderes no mercado de solu\u00e7\u00f5es industriais.<\/p><p><strong>Dados cadastrais \/ Sintegra<\/strong><br \/><br \/>ULTRA ROLAMENTOS E SOLUCOES LTDA<br \/>30.286.789\/0001-50 <\/p><p><span class=\"w8qArf\"><a class=\"fl\" href=\"https:\/\/www.google.com\/search?sxsrf=APwXEdfq3wN8n9sduUS6K8UV0YLmgep_MQ:1686862208991&amp;q=Ultra+Rolamentos&amp;ludocid=2178605133841442556&amp;gsas=1&amp;client=ms-android-lge&amp;lsig=AB86z5Urva02T7XJZLohqNIbMOvk&amp;kgs=0b3850ae0c2ecee1&amp;shndl=-1&amp;shem=lsp&amp;source=sh\/x\/kp\/local\/2\" data-ved=\"2ahUKEwjd04XwsdD_AhVdjZUCHRSfD-8Q6BN6BQj7ARAC\">Endere\u00e7o<\/a>:\u00a0<\/span><span class=\"LrzXr\">Av. Paraguassu Paulista, 790 - Vila Santa Teresa, S\u00e3o Paulo - SP, 03564-000<\/span><\/p><\/div><\/div>\n        <\/section>\t\t\t\t<\/div>\n\t\t\t\t<\/div>\n\t\t\t\t<div class=\"elementor-element elementor-element-98a493c aux-appear-watch-animation aux-fade-in-up elementor-widget elementor-widget-aux_button\" data-id=\"98a493c\" data-element_type=\"widget\" data-widget_type=\"aux_button.default\">\n\t\t\t\t<div class=\"elementor-widget-container\">\n\t\t\t\t\t<button   class=\"aux-button aux-medium aux-carmine-pink aux-curve aux-none aux-uppercase\" ><span class=\"aux-overlay\"><\/span><span class=\"aux-text\">Contate-nos<\/span><\/button>\t\t\t\t<\/div>\n\t\t\t\t<\/div>\n\t\t\t\t\t<\/div>\n\t\t<\/div>\n\t\t\t\t<div class=\"aux-parallax-section elementor-column elementor-col-50 elementor-top-column elementor-element elementor-element-f80096d\" data-id=\"f80096d\" data-element_type=\"column\">\n\t\t\t<div class=\"elementor-widget-wrap elementor-element-populated\">\n\t\t\t\t\t\t<div class=\"elementor-element elementor-element-df0e8d5 aux-appear-watch-animation aux-fade-in-down elementor-widget elementor-widget-aux_image\" data-id=\"df0e8d5\" data-element_type=\"widget\" data-widget_type=\"aux_image.default\">\n\t\t\t\t<div class=\"elementor-widget-container\">\n\t\t\t\t\t<section class=\"widget-container aux-widget-image aux-alignnone aux-parent-au49e7f0c3\">\n    <div class=\"aux-media-hint-frame \">\n        <div class=\"aux-media-image \" >\n        \n            \n\n            \n            <img fetchpriority=\"high\" decoding=\"async\" width=\"820\" height=\"635\" src=\"data:image\/gif;base64,R0lGODlhAQABAIAAAAAAAP\/\/\/yH5BAEAAAAALAAAAAABAAEAAAIBRAA7\" class=\"aux-attachment aux-featured-image aux-attachment-id-25 aux-preload aux-blank\" alt=\"demo-attachment-586-group-of-young-businesspeople-with-laptop-working-8SHTZUN\" data-ratio=\"1.29\" data-original-w=\"820\" data-src=\"https:\/\/ultrarolamentos.com.br\/wp-content\/uploads\/2019\/10\/group-of-young-businesspeople-with-laptop-working-8SHTZUN.png\" \/>            \n                <\/div>\n    <\/div>\n\n<\/section><!-- widget-container -->\t\t\t\t<\/div>\n\t\t\t\t<\/div>\n\t\t\t\t\t<\/div>\n\t\t<\/div>\n\t\t\t\t\t<\/div>\n\t\t<\/section>\n\t\t\t\t<\/div>\n\t\t","protected":false},"excerpt":{"rendered":"<p>Bem vindo! Sobre n\u00f3s ULTRA ROLAMENTOS E SOLUCOES LTDA Somos a&nbsp;ultra Rolamentos, uma empresa especializada na reposi\u00e7\u00e3o de&nbsp;rolamentos&nbsp;e pe\u00e7as industriais. Desde 2018, oferecemos uma ampla gama de produtos de alta qualidade das marcas mais expressivas do mercado. Com mais de&nbsp;5 anos de experi\u00eancia, temos orgulho em ser um dos l\u00edderes no mercado de solu\u00e7\u00f5es industriais. [&hellip;]<\/p>\n","protected":false},"author":1,"featured_media":0,"parent":0,"menu_order":0,"comment_status":"closed","ping_status":"closed","template":"templates\/page-builder-content.php","meta":{"footnotes":""},"class_list":["post-82","page","type-page","status-publish","hentry"],"_links":{"self":[{"href":"https:\/\/ultrarolamentos.com.br\/index.php\/wp-json\/wp\/v2\/pages\/82","targetHints":{"allow":["GET"]}}],"collection":[{"href":"https:\/\/ultrarolamentos.com.br\/index.php\/wp-json\/wp\/v2\/pages"}],"about":[{"href":"https:\/\/ultrarolamentos.com.br\/index.php\/wp-json\/wp\/v2\/types\/page"}],"author":[{"embeddable":true,"href":"https:\/\/ultrarolamentos.com.br\/index.php\/wp-json\/wp\/v2\/users\/1"}],"replies":[{"embeddable":true,"href":"https:\/\/ultrarolamentos.com.br\/index.php\/wp-json\/wp\/v2\/comments?post=82"}],"version-history":[{"count":0,"href":"https:\/\/ultrarolamentos.com.br\/index.php\/wp-json\/wp\/v2\/pages\/82\/revisions"}],"wp:attachment":[{"href":"https:\/\/ultrarolamentos.com.br\/index.php\/wp-json\/wp\/v2\/media?parent=82"}],"curies":[{"name":"wp","href":"https:\/\/api.w.org\/{rel}","templated":true}]}}